{"id":3519,"date":"2019-09-28T13:27:31","date_gmt":"2019-09-28T11:27:31","guid":{"rendered":"http:\/\/manufakture.ch\/?page_id=3519"},"modified":"2026-02-13T18:51:43","modified_gmt":"2026-02-13T17:51:43","slug":"mobilier-2-2","status":"publish","type":"page","link":"http:\/\/manufakture.ch\/?page_id=3519","title":{"rendered":"Soldes"},"content":{"rendered":"<div id=\"pl-3519\"  class=\"panel-layout\" ><div id=\"pg-3519-0\"  class=\"panel-grid panel-no-style\" ><div id=\"pgc-3519-0-0\"  class=\"panel-grid-cell\" ><div id=\"panel-3519-0-0-0\" class=\"so-panel widget widget_metaslider_widget panel-first-child panel-last-child\" data-index=\"0\" ><div id=\"metaslider-id-7707\" style=\"max-width: 450px;\" class=\"ml-slider-3-27-3 metaslider metaslider-flex metaslider-7707 ml-slider\">\n    <div id=\"metaslider_container_7707\">\n        <div id=\"metaslider_7707\">\n            <ul aria-live=\"polite\" class=\"slides\">\n                <li style=\"display: block; width: 100%;\" class=\"slide-7720 ms-image\"><img src=\"http:\/\/manufakture.ch\/wp-content\/uploads\/2024\/06\/IMG_9787-scaled-450x600.jpeg\" height=\"600\" width=\"450\" alt=\"\" class=\"slider-7707 slide-7720\" title=\"IMG_9787\" \/><\/li>\n                <li style=\"display: none; width: 100%;\" class=\"slide-7718 ms-image\"><img src=\"http:\/\/manufakture.ch\/wp-content\/uploads\/2024\/06\/IMG_9795-scaled-450x600.jpeg\" height=\"600\" width=\"450\" alt=\"\" class=\"slider-7707 slide-7718\" title=\"IMG_9795\" \/><\/li>\n                <li style=\"display: none; width: 100%;\" class=\"slide-7719 ms-image\"><img src=\"http:\/\/manufakture.ch\/wp-content\/uploads\/2024\/06\/IMG_9792-scaled-450x600.jpeg\" height=\"600\" width=\"450\" alt=\"\" class=\"slider-7707 slide-7719\" title=\"IMG_9792\" \/><\/li>\n                <li style=\"display: none; width: 100%;\" class=\"slide-7717 ms-image\"><img src=\"http:\/\/manufakture.ch\/wp-content\/uploads\/2024\/06\/IMG_9797-scaled-450x600.jpeg\" height=\"600\" width=\"450\" alt=\"\" class=\"slider-7707 slide-7717\" title=\"IMG_9797\" \/><\/li>\n                <li style=\"display: none; width: 100%;\" class=\"slide-7715 ms-image\"><img src=\"http:\/\/manufakture.ch\/wp-content\/uploads\/2024\/06\/IMG_9802-scaled-450x600.jpeg\" height=\"600\" width=\"450\" alt=\"\" class=\"slider-7707 slide-7715\" title=\"IMG_9802\" \/><\/li>\n                <li style=\"display: none; width: 100%;\" class=\"slide-7716 ms-image\"><img src=\"http:\/\/manufakture.ch\/wp-content\/uploads\/2024\/06\/IMG_9801-scaled-450x600.jpeg\" height=\"600\" width=\"450\" alt=\"\" class=\"slider-7707 slide-7716\" title=\"IMG_9801\" \/><\/li>\n                <li style=\"display: none; width: 100%;\" class=\"slide-7721 ms-image\"><img src=\"http:\/\/manufakture.ch\/wp-content\/uploads\/2024\/06\/IMG_9804-450x600.jpeg\" height=\"600\" width=\"450\" alt=\"\" class=\"slider-7707 slide-7721\" title=\"IMG_9804\" \/><\/li>\n            <\/ul>\n        <\/div>\n        \n    <\/div>\n<\/div><\/div><\/div><div id=\"pgc-3519-0-1\"  class=\"panel-grid-cell\" ><div id=\"panel-3519-0-1-0\" class=\"so-panel widget widget_text panel-first-child panel-last-child\" data-index=\"1\" ><h3 class=\"widget-title\">Biblioth\u00e8que vitr\u00e9e<\/h3>\t\t\t<div class=\"textwidget\"><p>Bibliotheque vitr\u00e9e<br \/>\nVintage<br \/>\n2 \u00e9tag\u00e8res<br \/>\nPortes vitr\u00e9es coulissantes et amovibles<br \/>\nFond du meuble tapiss\u00e9 du papier peint \u00a0\u00bb Palm Aquarelle\u00a0\u00bb, \u00e9dit\u00e9 par le Presse Papier \/ Lyon<br \/>\nDimensions: Hauteur: \u00a0130cm \/ Largeur: 100cm \/ Profondeur: 41cm<\/p>\n<p>Prix initial: 670.-<br \/>\n<strong>Sold\u00e9: 450.-<\/strong><\/p>\n<\/div>\n\t\t<\/div><\/div><\/div><\/div>","protected":false},"excerpt":{"rendered":"<p>Bibliotheque vitr\u00e9e Vintage 2 \u00e9tag\u00e8res Portes vitr\u00e9es coulissantes et amovibles Fond du meuble tapiss\u00e9 du papier peint \u00a0\u00bb Palm Aquarelle\u00a0\u00bb, \u00e9dit\u00e9 par le Presse Papier \/ Lyon Dimensions: Hauteur: \u00a0130cm \/ Largeur: 100cm \/ Profondeur: 41cm Prix initial: 670.- Sold\u00e9: 450.-<\/p>\n","protected":false},"author":1,"featured_media":0,"parent":0,"menu_order":0,"comment_status":"closed","ping_status":"closed","template":"page-full-width.php","meta":[],"_links":{"self":[{"href":"http:\/\/manufakture.ch\/index.php?rest_route=\/wp\/v2\/pages\/3519"}],"collection":[{"href":"http:\/\/manufakture.ch\/index.php?rest_route=\/wp\/v2\/pages"}],"about":[{"href":"http:\/\/manufakture.ch\/index.php?rest_route=\/wp\/v2\/types\/page"}],"author":[{"embeddable":true,"href":"http:\/\/manufakture.ch\/index.php?rest_route=\/wp\/v2\/users\/1"}],"replies":[{"embeddable":true,"href":"http:\/\/manufakture.ch\/index.php?rest_route=%2Fwp%2Fv2%2Fcomments&post=3519"}],"version-history":[{"count":0,"href":"http:\/\/manufakture.ch\/index.php?rest_route=\/wp\/v2\/pages\/3519\/revisions"}],"wp:attachment":[{"href":"http:\/\/manufakture.ch\/index.php?rest_route=%2Fwp%2Fv2%2Fmedia&parent=3519"}],"curies":[{"name":"wp","href":"https:\/\/api.w.org\/{rel}","templated":true}]}}